{"id":33,"date":"2023-04-25T11:51:11","date_gmt":"2023-04-25T09:51:11","guid":{"rendered":"http:\/\/chaletsetcaviar.marinesanson.fr\/?page_id=33"},"modified":"2023-04-26T16:49:46","modified_gmt":"2023-04-26T14:49:46","slug":"contact","status":"publish","type":"page","link":"https:\/\/chaletsetcaviar.marinesanson.fr\/index.php\/contact\/","title":{"rendered":"Contact"},"content":{"rendered":"\t\t<div data-elementor-type=\"wp-page\" data-elementor-id=\"33\" class=\"elementor elementor-33\">\n\t\t\t\t\t\t\t\t\t<section class=\"elementor-section elementor-top-section elementor-element elementor-element-cc0d0b0 elementor-section-boxed elementor-section-height-default elementor-section-height-default\" data-id=\"cc0d0b0\" data-element_type=\"section\">\n\t\t\t\t\t\t<div class=\"elementor-container elementor-column-gap-default\">\n\t\t\t\t\t<div class=\"elementor-column elementor-col-100 elementor-top-column elementor-element elementor-element-5235131\" data-id=\"5235131\" data-element_type=\"column\">\n\t\t\t<div class=\"elementor-widget-wrap elementor-element-populated\">\n\t\t\t\t\t\t\t\t<div class=\"elementor-element elementor-element-3bb955e elementor-widget elementor-widget-heading\" data-id=\"3bb955e\" data-element_type=\"widget\" data-widget_type=\"heading.default\">\n\t\t\t\t<div class=\"elementor-widget-container\">\n\t\t\t<style>\/*! elementor - v3.17.0 - 25-10-2023 *\/\n.elementor-heading-title{padding:0;margin:0;line-height:1}.elementor-widget-heading .elementor-heading-title[class*=elementor-size-]>a{color:inherit;font-size:inherit;line-height:inherit}.elementor-widget-heading .elementor-heading-title.elementor-size-small{font-size:15px}.elementor-widget-heading .elementor-heading-title.elementor-size-medium{font-size:19px}.elementor-widget-heading .elementor-heading-title.elementor-size-large{font-size:29px}.elementor-widget-heading .elementor-heading-title.elementor-size-xl{font-size:39px}.elementor-widget-heading .elementor-heading-title.elementor-size-xxl{font-size:59px}<\/style><h1 class=\"elementor-heading-title elementor-size-default\">Contact<\/h1>\t\t<\/div>\n\t\t\t\t<\/div>\n\t\t\t\t<div class=\"elementor-element elementor-element-c214778 elementor-widget elementor-widget-text-editor\" data-id=\"c214778\" data-element_type=\"widget\" data-widget_type=\"text-editor.default\">\n\t\t\t\t<div class=\"elementor-widget-container\">\n\t\t\t<style>\/*! elementor - v3.17.0 - 25-10-2023 *\/\n.elementor-widget-text-editor.elementor-drop-cap-view-stacked .elementor-drop-cap{background-color:#69727d;color:#fff}.elementor-widget-text-editor.elementor-drop-cap-view-framed .elementor-drop-cap{color:#69727d;border:3px solid;background-color:transparent}.elementor-widget-text-editor:not(.elementor-drop-cap-view-default) .elementor-drop-cap{margin-top:8px}.elementor-widget-text-editor:not(.elementor-drop-cap-view-default) .elementor-drop-cap-letter{width:1em;height:1em}.elementor-widget-text-editor .elementor-drop-cap{float:left;text-align:center;line-height:1;font-size:50px}.elementor-widget-text-editor .elementor-drop-cap-letter{display:inline-block}<\/style>\t\t\t\t<p><b>N&rsquo;h\u00e9sitez pas \u00e0 nous contacter, notre \u00e9quipe vous r\u00e9pondra dans les meilleurs d\u00e9lais !<\/b><\/p>\t\t\t\t\t\t<\/div>\n\t\t\t\t<\/div>\n\t\t\t\t<div class=\"elementor-element elementor-element-2809814 elementor-widget elementor-widget-wp-widget-wpforms-widget\" data-id=\"2809814\" data-element_type=\"widget\" data-settings=\"{&quot;_animation&quot;:&quot;none&quot;}\" data-widget_type=\"wp-widget-wpforms-widget.default\">\n\t\t\t\t<div class=\"elementor-widget-container\">\n\t\t\t<div class=\"wpforms-container wpforms-container-full wpforms-render-modern\" id=\"wpforms-184\"><form id=\"wpforms-form-184\" class=\"wpforms-validate wpforms-form wpforms-ajax-form\" data-formid=\"184\" method=\"post\" enctype=\"multipart\/form-data\" action=\"\/index.php\/wp-json\/wp\/v2\/pages\/33\" data-token=\"00773a4d61af63fce959d25ccd311732\"><noscript class=\"wpforms-error-noscript\">Veuillez activer JavaScript dans votre navigateur pour remplir ce formulaire.<\/noscript><div class=\"wpforms-hidden\" id=\"wpforms-error-noscript\">Veuillez activer JavaScript dans votre navigateur pour remplir ce formulaire.<\/div><div class=\"wpforms-field-container\"><div id=\"wpforms-184-field_0-container\" class=\"wpforms-field wpforms-field-name\" data-field-id=\"0\"><fieldset><legend class=\"wpforms-field-label\">Nom <span class=\"wpforms-required-label\" aria-hidden=\"true\">*<\/span><\/legend><div class=\"wpforms-field-row wpforms-field-large\"><div class=\"wpforms-field-row-block wpforms-first wpforms-one-half\"><input type=\"text\" id=\"wpforms-184-field_0\" class=\"wpforms-field-name-first wpforms-field-required\" name=\"wpforms[fields][0][first]\" aria-errormessage=\"wpforms-184-field_0-error\" required><label for=\"wpforms-184-field_0\" class=\"wpforms-field-sublabel after \">Pr\u00e9nom<\/label><\/div><div class=\"wpforms-field-row-block wpforms-one-half\"><input type=\"text\" id=\"wpforms-184-field_0-last\" class=\"wpforms-field-name-last wpforms-field-required\" name=\"wpforms[fields][0][last]\" aria-errormessage=\"wpforms-184-field_0-last-error\" required><label for=\"wpforms-184-field_0-last\" class=\"wpforms-field-sublabel after \">Nom<\/label><\/div><\/div><\/fieldset><\/div><div id=\"wpforms-184-field_1-container\" class=\"wpforms-field wpforms-field-email\" data-field-id=\"1\"><label class=\"wpforms-field-label\" for=\"wpforms-184-field_1\">E-mail <span class=\"wpforms-required-label\" aria-hidden=\"true\">*<\/span><\/label><input type=\"email\" id=\"wpforms-184-field_1\" class=\"wpforms-field-large wpforms-field-required\" name=\"wpforms[fields][1]\" spellcheck=\"false\" aria-errormessage=\"wpforms-184-field_1-error\" required><\/div><div id=\"wpforms-184-field_3-container\" class=\"wpforms-field wpforms-field-select wpforms-field-select-style-modern\" data-field-id=\"3\"><label class=\"wpforms-field-label\" for=\"wpforms-184-field_3\">Souhaitez vous des informations sur : <span class=\"wpforms-required-label\" aria-hidden=\"true\">*<\/span><\/label><select id=\"wpforms-184-field_3\" class=\"wpforms-field-small wpforms-field-required choicesjs-select\" data-size-class=\"wpforms-field-row wpforms-field-small\" data-search-enabled=\"\" name=\"wpforms[fields][3]\" required=\"required\"><option value=\"\" class=\"placeholder\" disabled  selected='selected'>les ventes<\/option><option value=\"les ventes\" >les ventes<\/option><option value=\"les locations\" >les locations<\/option><option value=\"un produit en particulier\" >un produit en particulier<\/option><option value=\"autre demande\" >autre demande<\/option><\/select><\/div><div id=\"wpforms-184-field_2-container\" class=\"wpforms-field wpforms-field-textarea\" data-field-id=\"2\"><label class=\"wpforms-field-label\" for=\"wpforms-184-field_2\">Message <span class=\"wpforms-required-label\" aria-hidden=\"true\">*<\/span><\/label><textarea id=\"wpforms-184-field_2\" class=\"wpforms-field-medium wpforms-field-required\" name=\"wpforms[fields][2]\" aria-errormessage=\"wpforms-184-field_2-error\" required><\/textarea><\/div><\/div><!-- .wpforms-field-container --><div class=\"wpforms-submit-container\" ><input type=\"hidden\" name=\"wpforms[id]\" value=\"184\"><input type=\"hidden\" name=\"wpforms[author]\" value=\"1\"><button type=\"submit\" name=\"wpforms[submit]\" id=\"wpforms-submit-184\" class=\"wpforms-submit\" data-alt-text=\"Envoi...\" data-submit-text=\"Envoyer\" aria-live=\"assertive\" value=\"wpforms-submit\">Envoyer<\/button><img loading=\"lazy\" decoding=\"async\" src=\"https:\/\/chaletsetcaviar.marinesanson.fr\/wp-content\/plugins\/wpforms-lite\/assets\/images\/submit-spin.svg\" class=\"wpforms-submit-spinner\" style=\"display: none;\" width=\"26\" height=\"26\" alt=\"Chargement en cours\"><\/div><\/form><\/div>  <!-- .wpforms-container -->\t\t<\/div>\n\t\t\t\t<\/div>\n\t\t\t\t\t<\/div>\n\t\t<\/div>\n\t\t\t\t\t\t\t<\/div>\n\t\t<\/section>\n\t\t\t\t\t\t\t<\/div>\n\t\t","protected":false},"excerpt":{"rendered":"<p>Contact N&rsquo;h\u00e9sitez pas \u00e0 nous contacter, notre \u00e9quipe vous r\u00e9pondra dans les meilleurs d\u00e9lais !<\/p>\n","protected":false},"author":1,"featured_media":0,"parent":0,"menu_order":0,"comment_status":"closed","ping_status":"closed","template":"","meta":{"footnotes":""},"class_list":["post-33","page","type-page","status-publish","hentry","entry"],"yoast_head":"<!-- This site is optimized with the Yoast SEO plugin v21.4 - https:\/\/yoast.com\/wordpress\/plugins\/seo\/ -->\n<title>Contact - Chalets et caviar Courchevel<\/title>\n<meta name=\"robots\" content=\"noindex, follow, max-snippet:-1, max-image-preview:large, max-video-preview:-1\" \/>\n<meta property=\"og:locale\" content=\"fr_FR\" \/>\n<meta property=\"og:type\" content=\"article\" \/>\n<meta property=\"og:title\" content=\"Contact - Chalets et caviar Courchevel\" \/>\n<meta property=\"og:description\" content=\"Contact N&rsquo;h\u00e9sitez pas \u00e0 nous contacter, notre \u00e9quipe vous r\u00e9pondra dans les meilleurs d\u00e9lais !\" \/>\n<meta property=\"og:url\" content=\"https:\/\/chaletsetcaviar.marinesanson.fr\/index.php\/contact\/\" \/>\n<meta property=\"og:site_name\" content=\"Chalets et caviar Courchevel\" \/>\n<meta property=\"article:modified_time\" content=\"2023-04-26T14:49:46+00:00\" \/>\n<meta name=\"twitter:card\" content=\"summary_large_image\" \/>\n<script type=\"application\/ld+json\" class=\"yoast-schema-graph\">{\"@context\":\"https:\/\/schema.org\",\"@graph\":[{\"@type\":\"WebPage\",\"@id\":\"https:\/\/chaletsetcaviar.marinesanson.fr\/index.php\/contact\/\",\"url\":\"https:\/\/chaletsetcaviar.marinesanson.fr\/index.php\/contact\/\",\"name\":\"Contact - Chalets et caviar Courchevel\",\"isPartOf\":{\"@id\":\"https:\/\/chaletsetcaviar.marinesanson.fr\/#website\"},\"datePublished\":\"2023-04-25T09:51:11+00:00\",\"dateModified\":\"2023-04-26T14:49:46+00:00\",\"breadcrumb\":{\"@id\":\"https:\/\/chaletsetcaviar.marinesanson.fr\/index.php\/contact\/#breadcrumb\"},\"inLanguage\":\"fr-FR\",\"potentialAction\":[{\"@type\":\"ReadAction\",\"target\":[\"https:\/\/chaletsetcaviar.marinesanson.fr\/index.php\/contact\/\"]}]},{\"@type\":\"BreadcrumbList\",\"@id\":\"https:\/\/chaletsetcaviar.marinesanson.fr\/index.php\/contact\/#breadcrumb\",\"itemListElement\":[{\"@type\":\"ListItem\",\"position\":1,\"name\":\"Accueil\",\"item\":\"https:\/\/chaletsetcaviar.marinesanson.fr\/\"},{\"@type\":\"ListItem\",\"position\":2,\"name\":\"Contact\"}]},{\"@type\":\"WebSite\",\"@id\":\"https:\/\/chaletsetcaviar.marinesanson.fr\/#website\",\"url\":\"https:\/\/chaletsetcaviar.marinesanson.fr\/\",\"name\":\"Chalets et caviar Courchevel\",\"description\":\"Le chalet qu&#039;il vous faut, pour des vacances de r\u00eave !\",\"publisher\":{\"@id\":\"https:\/\/chaletsetcaviar.marinesanson.fr\/#organization\"},\"potentialAction\":[{\"@type\":\"SearchAction\",\"target\":{\"@type\":\"EntryPoint\",\"urlTemplate\":\"https:\/\/chaletsetcaviar.marinesanson.fr\/?s={search_term_string}\"},\"query-input\":\"required name=search_term_string\"}],\"inLanguage\":\"fr-FR\"},{\"@type\":\"Organization\",\"@id\":\"https:\/\/chaletsetcaviar.marinesanson.fr\/#organization\",\"name\":\"Chalets et caviar Courchevel\",\"url\":\"https:\/\/chaletsetcaviar.marinesanson.fr\/\",\"logo\":{\"@type\":\"ImageObject\",\"inLanguage\":\"fr-FR\",\"@id\":\"https:\/\/chaletsetcaviar.marinesanson.fr\/#\/schema\/logo\/image\/\",\"url\":\"https:\/\/chaletsetcaviar.marinesanson.fr\/wp-content\/uploads\/2023\/05\/15632617541681_image1-removebg-preview.png\",\"contentUrl\":\"https:\/\/chaletsetcaviar.marinesanson.fr\/wp-content\/uploads\/2023\/05\/15632617541681_image1-removebg-preview.png\",\"width\":732,\"height\":136,\"caption\":\"Chalets et caviar Courchevel\"},\"image\":{\"@id\":\"https:\/\/chaletsetcaviar.marinesanson.fr\/#\/schema\/logo\/image\/\"}}]}<\/script>\n<!-- \/ Yoast SEO plugin. -->","yoast_head_json":{"title":"Contact - Chalets et caviar Courchevel","robots":{"index":"noindex","follow":"follow","max-snippet":"max-snippet:-1","max-image-preview":"max-image-preview:large","max-video-preview":"max-video-preview:-1"},"og_locale":"fr_FR","og_type":"article","og_title":"Contact - Chalets et caviar Courchevel","og_description":"Contact N&rsquo;h\u00e9sitez pas \u00e0 nous contacter, notre \u00e9quipe vous r\u00e9pondra dans les meilleurs d\u00e9lais !","og_url":"https:\/\/chaletsetcaviar.marinesanson.fr\/index.php\/contact\/","og_site_name":"Chalets et caviar Courchevel","article_modified_time":"2023-04-26T14:49:46+00:00","twitter_card":"summary_large_image","schema":{"@context":"https:\/\/schema.org","@graph":[{"@type":"WebPage","@id":"https:\/\/chaletsetcaviar.marinesanson.fr\/index.php\/contact\/","url":"https:\/\/chaletsetcaviar.marinesanson.fr\/index.php\/contact\/","name":"Contact - Chalets et caviar Courchevel","isPartOf":{"@id":"https:\/\/chaletsetcaviar.marinesanson.fr\/#website"},"datePublished":"2023-04-25T09:51:11+00:00","dateModified":"2023-04-26T14:49:46+00:00","breadcrumb":{"@id":"https:\/\/chaletsetcaviar.marinesanson.fr\/index.php\/contact\/#breadcrumb"},"inLanguage":"fr-FR","potentialAction":[{"@type":"ReadAction","target":["https:\/\/chaletsetcaviar.marinesanson.fr\/index.php\/contact\/"]}]},{"@type":"BreadcrumbList","@id":"https:\/\/chaletsetcaviar.marinesanson.fr\/index.php\/contact\/#breadcrumb","itemListElement":[{"@type":"ListItem","position":1,"name":"Accueil","item":"https:\/\/chaletsetcaviar.marinesanson.fr\/"},{"@type":"ListItem","position":2,"name":"Contact"}]},{"@type":"WebSite","@id":"https:\/\/chaletsetcaviar.marinesanson.fr\/#website","url":"https:\/\/chaletsetcaviar.marinesanson.fr\/","name":"Chalets et caviar Courchevel","description":"Le chalet qu&#039;il vous faut, pour des vacances de r\u00eave !","publisher":{"@id":"https:\/\/chaletsetcaviar.marinesanson.fr\/#organization"},"potentialAction":[{"@type":"SearchAction","target":{"@type":"EntryPoint","urlTemplate":"https:\/\/chaletsetcaviar.marinesanson.fr\/?s={search_term_string}"},"query-input":"required name=search_term_string"}],"inLanguage":"fr-FR"},{"@type":"Organization","@id":"https:\/\/chaletsetcaviar.marinesanson.fr\/#organization","name":"Chalets et caviar Courchevel","url":"https:\/\/chaletsetcaviar.marinesanson.fr\/","logo":{"@type":"ImageObject","inLanguage":"fr-FR","@id":"https:\/\/chaletsetcaviar.marinesanson.fr\/#\/schema\/logo\/image\/","url":"https:\/\/chaletsetcaviar.marinesanson.fr\/wp-content\/uploads\/2023\/05\/15632617541681_image1-removebg-preview.png","contentUrl":"https:\/\/chaletsetcaviar.marinesanson.fr\/wp-content\/uploads\/2023\/05\/15632617541681_image1-removebg-preview.png","width":732,"height":136,"caption":"Chalets et caviar Courchevel"},"image":{"@id":"https:\/\/chaletsetcaviar.marinesanson.fr\/#\/schema\/logo\/image\/"}}]}},"_links":{"self":[{"href":"https:\/\/chaletsetcaviar.marinesanson.fr\/index.php\/wp-json\/wp\/v2\/pages\/33","targetHints":{"allow":["GET"]}}],"collection":[{"href":"https:\/\/chaletsetcaviar.marinesanson.fr\/index.php\/wp-json\/wp\/v2\/pages"}],"about":[{"href":"https:\/\/chaletsetcaviar.marinesanson.fr\/index.php\/wp-json\/wp\/v2\/types\/page"}],"author":[{"embeddable":true,"href":"https:\/\/chaletsetcaviar.marinesanson.fr\/index.php\/wp-json\/wp\/v2\/users\/1"}],"replies":[{"embeddable":true,"href":"https:\/\/chaletsetcaviar.marinesanson.fr\/index.php\/wp-json\/wp\/v2\/comments?post=33"}],"version-history":[{"count":0,"href":"https:\/\/chaletsetcaviar.marinesanson.fr\/index.php\/wp-json\/wp\/v2\/pages\/33\/revisions"}],"wp:attachment":[{"href":"https:\/\/chaletsetcaviar.marinesanson.fr\/index.php\/wp-json\/wp\/v2\/media?parent=33"}],"curies":[{"name":"wp","href":"https:\/\/api.w.org\/{rel}","templated":true}]}}